{"id":771,"date":"2023-11-01T12:23:25","date_gmt":"2023-11-01T18:23:25","guid":{"rendered":"https:\/\/ambsanjose.esteri.it\/?page_id=771"},"modified":"2025-04-04T11:24:37","modified_gmt":"2025-04-04T17:24:37","slug":"turismo","status":"publish","type":"page","link":"https:\/\/ambsanjose.esteri.it\/it\/italia-e-costa-rica\/diplomazia-economica\/turismo\/","title":{"rendered":"Turismo &#8211; Perch\u00e9 visitare l\u2019Italia?"},"content":{"rendered":"<p><a href=\"https:\/\/www.italia.it\/it\"><img loading=\"lazy\" decoding=\"async\" class=\"alignleft wp-image-5862 img-fluid\" src=\"https:\/\/ambsanjose.esteri.it\/wp-content\/uploads\/2024\/09\/ITALIA.IT_-300x184.jpg\" alt=\"\" width=\"396\" height=\"243\" srcset=\"https:\/\/ambsanjose.esteri.it\/wp-content\/uploads\/2024\/09\/ITALIA.IT_-300x184.jpg 300w, https:\/\/ambsanjose.esteri.it\/wp-content\/uploads\/2024\/09\/ITALIA.IT_-768x470.jpg 768w, https:\/\/ambsanjose.esteri.it\/wp-content\/uploads\/2024\/09\/ITALIA.IT_.jpg 867w\" sizes=\"auto, (max-width: 396px) 100vw, 396px\" \/><\/a><\/p>\n<p>&nbsp;<\/p>\n<p>Ci sono molte ragioni per cui i costaricani devono visitare l\u2019Italia. Eccone alcune:<\/p>\n<ol>\n<li><strong>Storia e cultura<\/strong>: l\u2019Italia \u00e8 un paese ricco di storia e cultura. \u00c8 il luogo in cui sono nate molte delle grandi civilt\u00e0 dell\u2019antichit\u00e0, come gli antichi romani. Ci sono numerosi siti storici e archeologici da esplorare, come il Colosseo di Roma, Pompei e gli antichi siti di Ercolano.<\/li>\n<li><strong>Arte e architettura<\/strong>: l\u2019Italia \u00e8 famosa per la sua ricca tradizione artistica e architettonica. Qui si trovano alcune delle opere d\u2019arte pi\u00f9 celebri al mondo, come il David di Michelangelo a Firenze e la Cappella Sistina nel Vaticano. Le citt\u00e0 italiane sono anche note per la loro architettura unica, come i canali di Venezia, i palazzi rinascimentali di Firenze e i monumenti di Roma.<\/li>\n<li><strong>Cibo e vino<\/strong>: La cucina italiana \u00e8 rinomata in tutto il mondo. In Italia si pu\u00f2 gustare una variet\u00e0 di piatti deliziosi, come la pizza napoletana, la pasta fresca, i gelati artigianali e i formaggi regionali. Inoltre, l\u2019Italia \u00e8 una delle maggiori produttrici di vino al mondo, e i costaricani possono apprezzare la visita delle regioni vinicole come la Toscana e il Piemonte.<\/li>\n<li><strong>Paesaggi mozzafiato<\/strong>: L\u2019Italia offre una grande variet\u00e0 di paesaggi spettacolari. Ci sono le incantevoli coste dell\u2019Amalfitana e della Liguria, le Dolomiti alpine nel nord, i pittoreschi laghi della Lombardia e molte altre destinazioni naturali di grande bellezza. I turisti possono apprezzare escursioni in montagna, passeggiate lungo la costa e la visita di affascinanti borghi medievali.<\/li>\n<li><strong>Ospitalit\u00e0 italiana<\/strong>: Gli italiani sono noti per la loro calda ospitalit\u00e0. I turisti possono aspettarsi di essere accolti con gentilezza e di godere dell\u2019atmosfera accogliente delle citt\u00e0 italiane.<br \/>\nGli italiani sono anche famosi per la loro passione per il calcio, e i turisti potrebbero vivere l\u2019esperienza unica di assistere a una partita di calcio italiana.<\/li>\n<\/ol>\n<p>Ogni viaggiatore ha gusti e interessi diversi, quindi l\u2019Italia offre una vasta gamma di esperienze per soddisfare le preferenze individuali.<\/p>\n<p>&nbsp;<\/p>\n<p>Per maggiori informazioni sul turismo in Italia, consultare i seguenti siti web:<\/p>\n<p><a href=\"https:\/\/www.enit.it\/it\">ENIT &#8211; Agenzia Nazionale del Turismo<\/a>: \u00e8 un ente pubblico che opera nella promozione dell&#8217;offerta turistica dell&#8217;Italia.<\/p>\n<p><a href=\"https:\/\/www.italia.it\/it\">Italia.it<\/a> &#8211; L&#8217;hub digitale del turismo<\/p>\n<p><a href=\"https:\/\/openlib.enit.it\/it\">ENIT &#8211; Open library\u00a0<\/a><\/p>\n","protected":false},"excerpt":{"rendered":"&nbsp; Ci sono molte ragioni per cui i costaricani devono visitare l\u2019Italia. Eccone alcune: Storia e cultura: l\u2019Italia \u00e8 un paese ricco di storia e cultura. \u00c8 il luogo in cui sono nate molte delle grandi civilt\u00e0 dell\u2019antichit\u00e0, come gli antichi romani. Ci sono numerosi siti storici e archeologici da esplorare, come il Colosseo di [&hellip;]","protected":false},"author":5,"featured_media":0,"parent":43,"menu_order":10,"comment_status":"closed","ping_status":"closed","template":"","meta":{"footnotes":""},"class_list":["post-771","page","type-page","status-publish","hentry"],"_links":{"self":[{"href":"https:\/\/ambsanjose.esteri.it\/it\/wp-json\/wp\/v2\/pages\/771","targetHints":{"allow":["GET"]}}],"collection":[{"href":"https:\/\/ambsanjose.esteri.it\/it\/wp-json\/wp\/v2\/pages"}],"about":[{"href":"https:\/\/ambsanjose.esteri.it\/it\/wp-json\/wp\/v2\/types\/page"}],"author":[{"embeddable":true,"href":"https:\/\/ambsanjose.esteri.it\/it\/wp-json\/wp\/v2\/users\/5"}],"replies":[{"embeddable":true,"href":"https:\/\/ambsanjose.esteri.it\/it\/wp-json\/wp\/v2\/comments?post=771"}],"version-history":[{"count":6,"href":"https:\/\/ambsanjose.esteri.it\/it\/wp-json\/wp\/v2\/pages\/771\/revisions"}],"predecessor-version":[{"id":5890,"href":"https:\/\/ambsanjose.esteri.it\/it\/wp-json\/wp\/v2\/pages\/771\/revisions\/5890"}],"up":[{"embeddable":true,"href":"https:\/\/ambsanjose.esteri.it\/it\/wp-json\/wp\/v2\/pages\/43"}],"wp:attachment":[{"href":"https:\/\/ambsanjose.esteri.it\/it\/wp-json\/wp\/v2\/media?parent=771"}],"curies":[{"name":"wp","href":"https:\/\/api.w.org\/{rel}","templated":true}]}}