{"id":7717,"date":"2025-02-18T12:54:46","date_gmt":"2025-02-18T18:54:46","guid":{"rendered":"https:\/\/ambsanjose.esteri.it\/?page_id=7717"},"modified":"2025-02-18T13:06:39","modified_gmt":"2025-02-18T19:06:39","slug":"lucio-ranucci","status":"publish","type":"page","link":"https:\/\/ambsanjose.esteri.it\/it\/italia-e-costa-rica\/diplomazia-culturale\/le-storie-degli-italiani\/lucio-ranucci\/","title":{"rendered":"Lucio Ranucci"},"content":{"rendered":"<p>Lucio Ranucci nacque nel 1925 a Perledo (Lecco). Durante la Seconda guerra mondiale combatt\u00e9 nella campagna italiana in Africa nel 1943 e lavor\u00f2 come giornalista a Milano.<\/p>\n<p>In seguito si trasfer\u00ec in Argentina dove svolse diversi lavori come marinaio, autista di carri funebri e fotografo, tenendosi per\u00f2 sempre vicino all\u2019ambiente culturale, dipingendo e interessandosi di pittura locale. Continua a fare il giornalista dipingendo i suoi messaggi di denuncia della povert\u00e0, delle sopraffazioni e della mancanza di libert\u00e0 delle popolazioni sudamericane. Trascorse anche diversi periodi in Cile, Per\u00f9, Ecuador, Colombia, Giamaica e Costa Rica, dove si stabil\u00ec definitivamente nel 1951.<\/p>\n<p>In Costa Rica spos\u00f2 l&#8217;artista visiva Olga Espinach Fern\u00e1ndez, con la quale fond\u00f2, nel 1953, il <em>Teatro Experimental de la Casa del Artista<\/em>, dove fu professore e collabor\u00f2 ai corsi dell&#8217;esordiente centro di formazione artistica.<\/p>\n<p>Nello stesso anno, Ranucci fu nominato primo direttore del Teatro Universitario dell&#8217;Universit\u00e0 di Costa Rica e contribu\u00ec al teatro costaricano consolidando pratiche pi\u00f9 professionali delle arti sceniche.<\/p>\n<p>Nel 1956, Ranucci si rec\u00f2 con la famiglia in Nicaragua, dove fu accusato di cospirare contro il regime di Somoza. Imprigionato, torn\u00f2 in Costa Rica nel 1957 e fond\u00f2 il teatro \u201c<em>Las M\u00e1scaras<\/em>\u201d.<\/p>\n<p>Separato dalla moglie, nel 1963 torn\u00f2 in Europa, dove visse fino alla morte, avvenuta il 31 maggio 2017 a Nizza, in Francia.<\/p>\n<p>Con importanti partecipazioni a biennali come la Biennale di San Paolo e la Biennale Panamericana, anche l&#8217;opera plastica di Lucio Ranucci acquis\u00ec importanza. Considerato da alcuni critici un \u201ccubista realista\u201d, il suo stile pittorico attinge tanto alle correnti realiste predominanti in America Latina all&#8217;epoca quanto alle innovazioni stilistiche europee.<\/p>\n<p>La sua opera pi\u00f9 ricordata in Costa Rica \u00e8 il murale <em>Alegor\u00eda a la Segunda Rep\u00fablica<\/em>, ispirato allo stile dei muralisti messicani e dedicato alla fondazione della nuova Repubblica costaricana nel 1949. Commissionato dalla <em>Direcci\u00f3n General de Aviaci\u00f3n Civil<\/em>, fu dipinto tra il 1954 e il 1955.<\/p>\n<p><img loading=\"lazy\" decoding=\"async\" class=\"alignleft size-medium wp-image-7739 img-fluid\" src=\"https:\/\/ambsanjose.esteri.it\/wp-content\/uploads\/2025\/02\/Alegoria-de-La-Segunda-Republica-300x157.jpg\" alt=\"\" width=\"300\" height=\"157\" srcset=\"https:\/\/ambsanjose.esteri.it\/wp-content\/uploads\/2025\/02\/Alegoria-de-La-Segunda-Republica-300x157.jpg 300w, https:\/\/ambsanjose.esteri.it\/wp-content\/uploads\/2025\/02\/Alegoria-de-La-Segunda-Republica.jpg 500w\" sizes=\"auto, (max-width: 300px) 100vw, 300px\" \/><\/p>\n","protected":false},"excerpt":{"rendered":"Lucio Ranucci nacque nel 1925 a Perledo (Lecco). Durante la Seconda guerra mondiale combatt\u00e9 nella campagna italiana in Africa nel 1943 e lavor\u00f2 come giornalista a Milano. In seguito si trasfer\u00ec in Argentina dove svolse diversi lavori come marinaio, autista di carri funebri e fotografo, tenendosi per\u00f2 sempre vicino all\u2019ambiente culturale, dipingendo e interessandosi di [&hellip;]","protected":false},"author":5,"featured_media":7730,"parent":454,"menu_order":0,"comment_status":"closed","ping_status":"closed","template":"","meta":{"footnotes":""},"class_list":["post-7717","page","type-page","status-publish","has-post-thumbnail","hentry"],"_links":{"self":[{"href":"https:\/\/ambsanjose.esteri.it\/it\/wp-json\/wp\/v2\/pages\/7717","targetHints":{"allow":["GET"]}}],"collection":[{"href":"https:\/\/ambsanjose.esteri.it\/it\/wp-json\/wp\/v2\/pages"}],"about":[{"href":"https:\/\/ambsanjose.esteri.it\/it\/wp-json\/wp\/v2\/types\/page"}],"author":[{"embeddable":true,"href":"https:\/\/ambsanjose.esteri.it\/it\/wp-json\/wp\/v2\/users\/5"}],"replies":[{"embeddable":true,"href":"https:\/\/ambsanjose.esteri.it\/it\/wp-json\/wp\/v2\/comments?post=7717"}],"version-history":[{"count":2,"href":"https:\/\/ambsanjose.esteri.it\/it\/wp-json\/wp\/v2\/pages\/7717\/revisions"}],"predecessor-version":[{"id":7742,"href":"https:\/\/ambsanjose.esteri.it\/it\/wp-json\/wp\/v2\/pages\/7717\/revisions\/7742"}],"up":[{"embeddable":true,"href":"https:\/\/ambsanjose.esteri.it\/it\/wp-json\/wp\/v2\/pages\/454"}],"wp:featuredmedia":[{"embeddable":true,"href":"https:\/\/ambsanjose.esteri.it\/it\/wp-json\/wp\/v2\/media\/7730"}],"wp:attachment":[{"href":"https:\/\/ambsanjose.esteri.it\/it\/wp-json\/wp\/v2\/media?parent=7717"}],"curies":[{"name":"wp","href":"https:\/\/api.w.org\/{rel}","templated":true}]}}