{"id":7743,"date":"2025-02-19T08:38:37","date_gmt":"2025-02-19T14:38:37","guid":{"rendered":"https:\/\/ambsanjose.esteri.it\/?page_id=7743"},"modified":"2025-02-19T08:38:37","modified_gmt":"2025-02-19T14:38:37","slug":"i-fratelli-durini","status":"publish","type":"page","link":"https:\/\/ambsanjose.esteri.it\/it\/italia-e-costa-rica\/diplomazia-culturale\/le-storie-degli-italiani\/i-fratelli-durini\/","title":{"rendered":"I fratelli Durini"},"content":{"rendered":"<p>Le politiche di incentivo e facilitazione dell&#8217;immigrazione adottate dal Costa Rica alla fine del XIX secolo furono sfruttate da alcuni immigrati italiani, come nel caso dei fratelli Durini, originari della Svizzera italiana ma cui formazione artistica avvenne principalmente a Genova. Attraverso varie permanenze che coinvolgevano il continente americano, riuscirono a creare una rete internazionale di commercio artistico.<\/p>\n<p>La storia inizia con Giovanni Durini, che emigr\u00f2 per stabilirsi nella citt\u00e0 svizzera di Tremona, dove esercit\u00f2 la professione di scultore. Qui conobbe Elizabetta Vasalli, sua futura moglie e madre di due figli: Lorenzo (1855-1906) e Francesco Antonio (1856-1920) Durini Vasalli.<\/p>\n<p>Dopo la nascita dei figli, Giovanni ed Elizabetta decisero di lasciare Tremona alla ricerca di migliori condizioni socio-economiche in Sudamerica. Una volta stabiliti a Lima, Per\u00f9, Giovanni risparmi\u00f2 abbastanza denaro per inviare i figli a studiare arti a Genova, in modo che completassero la loro formazione per poi tornare a Lima per collaborare nell&#8217;attivit\u00e0 familiare.<\/p>\n<p>Di ritorno in Centroamerica, Francesco si dedic\u00f2 al commercio di sculture in marmo e bronzo, mentre Lorenzo si distinse per la creazione di un mercato artistico tra l&#8217;istmo, Genova e la Svizzera.<\/p>\n<p>Durante la seconda met\u00e0 degli anni 1880, i fratelli costituirono l\u2019impresa \u201cDurini Fratelli\u201d e produssero in Costa Rica una vasta quantit\u00e0 di opere, pubbliche e private, giocando un ruolo fondamentale nella trasformazione del paesaggio urbano di San Jos\u00e9, dove lasciarono un&#8217;impronta indelebile attraverso i loro progetti e costruzioni.<\/p>\n<p>Uno dei progetti pi\u00f9 importanti dei Durini fu la costruzione delle <strong>Case di Correzione Minorile<\/strong> tra il 1897 e il 1902, nell\u2019ambito di un piano statale volto a migliorare il sistema penitenziario del Paese. Lorenzo Durini, in particolare, fu incaricato del progetto architettonico di questi edifici (uno per uomini e uno per donne), caratterizzati da una fusione di stili neogotico e neoromanico. La solidit\u00e0 e maestosit\u00e0 della struttura riflettevano lo spirito di ordine e disciplina, in accordo con l&#8217;obiettivo di creare edifici dediti alla correzione dei giovani. Pertanto, la forma doveva emanare severit\u00e0 estetica.<\/p>\n<p>Originariamente destinate alla riabilitazione dei minorenni, nel 1903 i due edifici furono riutilizzati come sede del Liceo del Costa Rica.<\/p>\n<p>Altri apporti significativi dei fratelli Durini furono la partecipazione alla costruzione del <strong>Teatro Nazionale de Costa Rica<\/strong>. Contribuirono alla realizzazione delle decorazioni in marmo e bronzo e fecero parte del team che diede vita a questo edificio emblematico, ispirato all&#8217;architettura neoclassica europea.<\/p>\n<p>Parteciparono anche alla costruzione di vari <strong>mausolei e monumenti<\/strong>. Tra questi, nel Cimitero Generale di San Jos\u00e9 spicca il mausoleo di Francisco Echeverr\u00eda e Alvarado del 1886, nel quale si pu\u00f2 vedere l&#8217;iscrizione &#8220;Francisco A. Durini 1886&#8221;, testimonianza della qualit\u00e0 e del prestigio nella realizzazione di monumenti funerari in marmo importato dall&#8217;Italia.<\/p>\n<p>&nbsp;<\/p>\n","protected":false},"excerpt":{"rendered":"Le politiche di incentivo e facilitazione dell&#8217;immigrazione adottate dal Costa Rica alla fine del XIX secolo furono sfruttate da alcuni immigrati italiani, come nel caso dei fratelli Durini, originari della Svizzera italiana ma cui formazione artistica avvenne principalmente a Genova. Attraverso varie permanenze che coinvolgevano il continente americano, riuscirono a creare una rete internazionale di [&hellip;]","protected":false},"author":5,"featured_media":7746,"parent":454,"menu_order":0,"comment_status":"closed","ping_status":"closed","template":"","meta":{"footnotes":""},"class_list":["post-7743","page","type-page","status-publish","has-post-thumbnail","hentry"],"_links":{"self":[{"href":"https:\/\/ambsanjose.esteri.it\/it\/wp-json\/wp\/v2\/pages\/7743","targetHints":{"allow":["GET"]}}],"collection":[{"href":"https:\/\/ambsanjose.esteri.it\/it\/wp-json\/wp\/v2\/pages"}],"about":[{"href":"https:\/\/ambsanjose.esteri.it\/it\/wp-json\/wp\/v2\/types\/page"}],"author":[{"embeddable":true,"href":"https:\/\/ambsanjose.esteri.it\/it\/wp-json\/wp\/v2\/users\/5"}],"replies":[{"embeddable":true,"href":"https:\/\/ambsanjose.esteri.it\/it\/wp-json\/wp\/v2\/comments?post=7743"}],"version-history":[{"count":2,"href":"https:\/\/ambsanjose.esteri.it\/it\/wp-json\/wp\/v2\/pages\/7743\/revisions"}],"predecessor-version":[{"id":7751,"href":"https:\/\/ambsanjose.esteri.it\/it\/wp-json\/wp\/v2\/pages\/7743\/revisions\/7751"}],"up":[{"embeddable":true,"href":"https:\/\/ambsanjose.esteri.it\/it\/wp-json\/wp\/v2\/pages\/454"}],"wp:featuredmedia":[{"embeddable":true,"href":"https:\/\/ambsanjose.esteri.it\/it\/wp-json\/wp\/v2\/media\/7746"}],"wp:attachment":[{"href":"https:\/\/ambsanjose.esteri.it\/it\/wp-json\/wp\/v2\/media?parent=7743"}],"curies":[{"name":"wp","href":"https:\/\/api.w.org\/{rel}","templated":true}]}}