{"id":795,"date":"2023-11-03T12:50:23","date_gmt":"2023-11-03T18:50:23","guid":{"rendered":"https:\/\/ambsanjose.esteri.it\/?page_id=795"},"modified":"2023-11-03T12:54:28","modified_gmt":"2023-11-03T18:54:28","slug":"come-iscriversi-allaire","status":"publish","type":"page","link":"https:\/\/ambsanjose.esteri.it\/it\/servizi-consolari-e-visti\/servizi-per-il-cittadino-italiano\/anagrafe\/come-iscriversi-allaire\/","title":{"rendered":"Come iscriversi all&#8217;AIRE"},"content":{"rendered":"<p><strong>1. Come funziona il portale FAST IT?<\/strong><\/p>\n<p>Per poter accedere per la prima volta ai servizi consolari disponibili sul portale FAST IT bisogna seguire i seguenti passaggi:<\/p>\n<p>&#8211; Registrati.<\/p>\n<p>Si dovr\u00e0 confermare il possesso della cittadinanza italiana.<\/p>\n<p>Sar\u00e0 necessario indicare un indirizzo mail e una password (da un minimo di 8 caratteri ad un massimo di 16, perlomeno una lettera maiuscola, un numero e un carattere speciale).<\/p>\n<p>&#8211; Attiva l&#8217;account.<\/p>\n<p>Si ricever\u00e0 una mail all\u2019indirizzo indicato, chiedendo di attivare l\u2019account (cliccare sul link di ATTIVAZIONE UTENZA).<br \/>\nQualora l\u2019account non sia attivato entro 72 ore, dovr\u00e0 essere richiesto un nuovo codice di attivazione (INVIO NUOVO CODICE DI ATTIVAZIONE).<\/p>\n<p>&#8211; Se ti sei iscritto all&#8217;AIRE prima dell&#8217;introduzione del portale FAST IT, invia una richiesta per visualizzare la propria scheda anagrafica&#8221;(c.d. ASON).<\/p>\n<p>La pratica per \u201cVisualizzare la propria scheda anagrafica\u201d consiste semplicemente nel caricamento di un documento d\u2019identit\u00e0, possibilmente italiano anche se scaduto per verificare l\u2019identit\u00e1 dell\u2019utente. Una volta definita la pratica ASON da parte dell\u2019ufficio consolare, il cittadino potr\u00e1 visualizzare i propri dati personali presenti nello schedario consolare.<\/p>\n<p>Il servizio \u201cVisualizzare la propria scheda anagrafica\u201d (ASON) consiste in una semplice visualizzazione dei propri dati e non comporta nessuna variazione o richiesta d\u2019iscrizione A.I.R.E.<\/p>\n<p>&#8211; Compila la richiesta.<\/p>\n<p>Dopo aver attivato l\u2019account, si dovr\u00e0 accedere al sistema per compilare la richiesta di iscrizione AIRE on line (ANAGRAFE CONSOLARE E AIRE).<\/p>\n<p>I servizi attualmente disponibili su Fast IT sono:<\/p>\n<p><em>&#8211; Iscrizione all&#8217;AIRE<\/em>.<\/p>\n<p>Ogni cittadino italiano MAGGIORENNE potr\u00e0 presentare la propria richiesta INDIVIDUALE di inserimento nello schedario consolare per la successiva iscrizione A.I.R.E. allegando un documento che attesti il soggiorno o la residenza.<\/p>\n<p>Per documento attestante la residenza si intende un documento ufficiale rilasciato dalle autorit\u00e0 locali. (C\u00e9dula de residencia (DIMEX) oppure una prova dell\u2019 avvio del proceso di residenza in Costa Rica, ovvero la richiesta di residenza alla Direcci\u00f3n General de Migraci\u00f3n y Extranjer\u00eda<\/p>\n<p>Vanno quindi caricate sul portale:<br \/>\n&#8211; copia del documento d\u2019identit\u00e0 (almeno delle pagine contenenti il numero del documento, le generalit\u00e0, la firma del titolare) di tutte\u00a0 \u00a0 le persone che si iscrivono<br \/>\n&#8211; copia della prova della residenza<\/p>\n<p>L\u2019iscrizione decorre dalla data di inserimento della domanda sul Fast It.<\/p>\n<p>La notifica dell\u2019avvenuta iscrizione spetta al Comune italiano che avverte direttamente il cittadino all\u2019estero.<\/p>\n<p><em>\u00a0&#8211; Cambio indirizzo.<\/em><\/p>\n<p>Vanno caricati sul portale:<br \/>\n&#8211; copia del documento d\u2019identit\u00e0 (almeno delle pagine contenenti il numero del documento, le generalit\u00e0, la firma del titolare)<br \/>\n&#8211; copia firmata del modulo di richiesta compilato online seguendo i passaggi richiesti online<\/p>\n<p>&#8211;\u00a0<em>Verifica della propria scheda anagrafica.<\/em><\/p>\n<p>L&#8217;operatore consolare trova i dati della richiesta gi\u00e0 caricati sul portale consolare e, controllata la documentazione prodotta, trasmette l&#8217;istanza al Comune di competenza. Per questo \u00e8 importante inserire i propri dati e l\u2019indirizzo in modo corretto e completo.<\/p>\n<p>&nbsp;<\/p>\n<p><strong>2. Come posso iscrivere all&#8217;AIRE i miei figli (minorenni o neonati)?<\/strong><\/p>\n<p><em>Iscrizione A.I.R.E. di un\u00a0minore convivente con entrambi i genitori<\/em><\/p>\n<p>Si effettua l\u2019iscrizione A.I.R.E. secondo indicazioni presenti sopra.<br \/>\nBasta pertanto un solo formulario per tutta la famiglia con le firme di entrambi i genitori.<\/p>\n<p><em>Iscrizione A.I.R.E. di un\u00a0minore convivente con un solo genitore<\/em><\/p>\n<p>La richiesta di iscrizione\/variazione A.I.R.E. di un minore non convivente con entrambi i genitori\u00a0<strong>deve essere sottoscritta da entrambi gli esercenti la responsabilit\u00e0 genitoriale e corredata dalle copie dei documenti d&#8217;identit\u00e0 di entrambi i firmatari.<\/strong><\/p>\n<p>In difetto dell&#8217;espressione di volont\u00e0 di entrambi i genitori, la domanda dovr\u00e0 essere comunque integrata con il foglio consenso non firmato e con le spiegazioni del mancato consenso. Il consenso deve essere attuale, ossia non pi\u00fa di 6 mesi dalla firma.<\/p>\n<p>Qualora l\u2019interessato non possa fornire il consenso dell\u2019altro genitore, ad esempio per morte dell&#8217;altro genitore o per provvedimento giurisdizionale interdittivo della sua genitorialit\u00e0 o perch\u00e8 il minore \u00e9 stato riconosciuto da un solo genitore, dovr\u00e0 fornire evidenza documentale della situazione dichiarata. Qualora l&#8217;interessato dichiari invece la semplice impossibilit\u00e0 di ottenere il consenso dell&#8217;altro genitore, ad esempio, nel caso di irreperibilit\u00e0 della stesso, dovr\u00e0 fornire le ultime coordinate conosciute dove risulta potenzialmente rintracciabile, intendendo come tali non solo l&#8217;indirizzo, ma anche eventuali contatti telefonici o di posta elettronica.<\/p>\n<p><strong><br \/>\nIscrizione A.I.R.E. di un neonato<\/strong><\/p>\n<p>Se un neonato nasce in Costa Rica e risieder\u00e0 all\u2019estero con entrambi i genitori o con un solo genitore, straniero o italiano, l\u2019iscrizione A.I.R.E. del neonato verr\u00e1 effettuata automaticamente con la richiesta di trascrizione della nascita senza necessit\u00e1 di presentare una iscrizione A.I.R.E.; basta solo inviare la richiesta di trascrizione nascita.<\/p>\n","protected":false},"excerpt":{"rendered":"1. Come funziona il portale FAST IT? Per poter accedere per la prima volta ai servizi consolari disponibili sul portale FAST IT bisogna seguire i seguenti passaggi: &#8211; Registrati. Si dovr\u00e0 confermare il possesso della cittadinanza italiana. Sar\u00e0 necessario indicare un indirizzo mail e una password (da un minimo di 8 caratteri ad un massimo [&hellip;]","protected":false},"author":5,"featured_media":0,"parent":325,"menu_order":0,"comment_status":"closed","ping_status":"closed","template":"","meta":{"footnotes":""},"class_list":["post-795","page","type-page","status-publish","hentry"],"_links":{"self":[{"href":"https:\/\/ambsanjose.esteri.it\/it\/wp-json\/wp\/v2\/pages\/795","targetHints":{"allow":["GET"]}}],"collection":[{"href":"https:\/\/ambsanjose.esteri.it\/it\/wp-json\/wp\/v2\/pages"}],"about":[{"href":"https:\/\/ambsanjose.esteri.it\/it\/wp-json\/wp\/v2\/types\/page"}],"author":[{"embeddable":true,"href":"https:\/\/ambsanjose.esteri.it\/it\/wp-json\/wp\/v2\/users\/5"}],"replies":[{"embeddable":true,"href":"https:\/\/ambsanjose.esteri.it\/it\/wp-json\/wp\/v2\/comments?post=795"}],"version-history":[{"count":2,"href":"https:\/\/ambsanjose.esteri.it\/it\/wp-json\/wp\/v2\/pages\/795\/revisions"}],"predecessor-version":[{"id":798,"href":"https:\/\/ambsanjose.esteri.it\/it\/wp-json\/wp\/v2\/pages\/795\/revisions\/798"}],"up":[{"embeddable":true,"href":"https:\/\/ambsanjose.esteri.it\/it\/wp-json\/wp\/v2\/pages\/325"}],"wp:attachment":[{"href":"https:\/\/ambsanjose.esteri.it\/it\/wp-json\/wp\/v2\/media?parent=795"}],"curies":[{"name":"wp","href":"https:\/\/api.w.org\/{rel}","templated":true}]}}