{"id":8489,"date":"2025-04-20T15:53:54","date_gmt":"2025-04-20T21:53:54","guid":{"rendered":"https:\/\/ambsanjose.esteri.it\/?page_id=8489"},"modified":"2025-04-20T15:57:03","modified_gmt":"2025-04-20T21:57:03","slug":"cosa-fa-lambasciatore","status":"publish","type":"page","link":"https:\/\/ambsanjose.esteri.it\/it\/chi-siamo\/lambasciatore\/cosa-fa-lambasciatore\/","title":{"rendered":"Cosa fa l&#8217;Ambasciatore"},"content":{"rendered":"<p><em>In qualit\u00e0 di ambasciatore italiano rappresento il mio paese in Costa Rica, con una serie di responsabilit\u00e0 che facilitano le relazioni diplomatiche e promuovono gli interessi nazionali. Ci\u00f2 implica impegnarsi in un dialogo diplomatico con le autorit\u00e0 locali e favorire relazioni che supportano l&#8217;agenda politica dell&#8217;Italia.<\/em><\/p>\n<blockquote><p><em>Sono anche responsabile della promozione degli interessi economici italiani, che include il supporto alle imprese italiane che operano in Costa Rica e l&#8217;incoraggiamento di partenariati commerciali.<\/em><\/p><\/blockquote>\n<p><em>Partecipo a discussioni e negoziati su vari temi bilaterali, lavorando per risolvere dispute e sviluppare accordi che avvantaggino sia l&#8217;Italia che il Costa Rica. Ci\u00f2 spesso comporta la collaborazione con altri diplomatici e organizzazioni internazionali.<\/em><\/p>\n<p><em>Sono un analista: raccolgo informazioni sul panorama politico, economico e sociale della Costa Rica, analizzo tali informazioni e riferisco al Ministero degli Affari Esteri italiano, fornendo spunti che informano le decisioni di politica estera dell&#8217;Italia.<\/em><\/p>\n<p><em>Ho anche il compito di assistere i cittadini italiani che vivono o viaggiano nel paese che mi ospita. Ci\u00f2 comporta offrire supporto in situazioni di emergenza, fornire assistenza legale e amministrativa, e garantire il benessere dei connazionali in difficolt\u00e0.<\/em><\/p>\n<p><em>Infine mi impegno nella cooperazione internazionale, collaborando con agenzie dell&#8217;ONU, con ONG e altre istituzioni in Costa Rica per affrontare sfide globali come la sicurezza, i diritti umani e lo sviluppo sostenibile.<\/em><\/p>\n<blockquote><p><em>In sintesi, cerco di fungere da ponte tra l&#8217;Italia e la Costa Rica, lavorando per promuovere gli interessi dell&#8217;Italia, favorendo relazioni internazionali positive e fornendo supporto ai cittadini italiani.<\/em><\/p><\/blockquote>\n","protected":false},"excerpt":{"rendered":"In qualit\u00e0 di ambasciatore italiano rappresento il mio paese in Costa Rica, con una serie di responsabilit\u00e0 che facilitano le relazioni diplomatiche e promuovono gli interessi nazionali. Ci\u00f2 implica impegnarsi in un dialogo diplomatico con le autorit\u00e0 locali e favorire relazioni che supportano l&#8217;agenda politica dell&#8217;Italia. Sono anche responsabile della promozione degli interessi economici italiani, [&hellip;]","protected":false},"author":5,"featured_media":0,"parent":38,"menu_order":0,"comment_status":"closed","ping_status":"closed","template":"","meta":{"footnotes":""},"class_list":["post-8489","page","type-page","status-publish","hentry"],"_links":{"self":[{"href":"https:\/\/ambsanjose.esteri.it\/it\/wp-json\/wp\/v2\/pages\/8489","targetHints":{"allow":["GET"]}}],"collection":[{"href":"https:\/\/ambsanjose.esteri.it\/it\/wp-json\/wp\/v2\/pages"}],"about":[{"href":"https:\/\/ambsanjose.esteri.it\/it\/wp-json\/wp\/v2\/types\/page"}],"author":[{"embeddable":true,"href":"https:\/\/ambsanjose.esteri.it\/it\/wp-json\/wp\/v2\/users\/5"}],"replies":[{"embeddable":true,"href":"https:\/\/ambsanjose.esteri.it\/it\/wp-json\/wp\/v2\/comments?post=8489"}],"version-history":[{"count":3,"href":"https:\/\/ambsanjose.esteri.it\/it\/wp-json\/wp\/v2\/pages\/8489\/revisions"}],"predecessor-version":[{"id":8496,"href":"https:\/\/ambsanjose.esteri.it\/it\/wp-json\/wp\/v2\/pages\/8489\/revisions\/8496"}],"up":[{"embeddable":true,"href":"https:\/\/ambsanjose.esteri.it\/it\/wp-json\/wp\/v2\/pages\/38"}],"wp:attachment":[{"href":"https:\/\/ambsanjose.esteri.it\/it\/wp-json\/wp\/v2\/media?parent=8489"}],"curies":[{"name":"wp","href":"https:\/\/api.w.org\/{rel}","templated":true}]}}