{"id":8691,"date":"2025-05-10T18:48:14","date_gmt":"2025-05-11T00:48:14","guid":{"rendered":"https:\/\/ambsanjose.esteri.it\/?page_id=8691"},"modified":"2025-05-18T10:33:43","modified_gmt":"2025-05-18T16:33:43","slug":"giovanni-cagliero","status":"publish","type":"page","link":"https:\/\/ambsanjose.esteri.it\/it\/italia-e-costa-rica\/diplomazia-culturale\/le-storie-degli-italiani\/giovanni-cagliero\/","title":{"rendered":"Giovanni Cagliero"},"content":{"rendered":"<p>Nacque a Castelnuovo d&#8217;Asti l&#8217;11 gennaio 1838. Rimasto presto orfano di padre, il 3 novembre 1851 venne accolto da don Giovanni Bosco a Torino nel nascente oratorio salesiano. Fin\u00ec per legarsi indissolubilmente al suo educatore, divenendone uno dei pi\u00f9 versatili e abili collaboratori.<\/p>\n<p>Cagliero fu ordinato sacerdote il 14 giugno 1862 e nel 1869 venne eletto direttore spirituale della Congregazione salesiana, carica che tenne fino al 1886. Si laure\u00f2 in teologia all&#8217;universit\u00e0 di Torino il 4 dicembre 1873 e nel 1874 venne designato direttore spirituale delle figlie di Maria Ausiliatrice, congregazione femminile fondata da don Bosco nel 1872 con finalit\u00e0 analoghe a quella dei salesiani.<\/p>\n<p>Nel &#8217;75 don Bosco lo invi\u00f2 in America latina, alla testa della prima spedizione missionaria salesiana. Dopo il primo impianto delle opere in Argentina e in Uruguay Cagliero venne richiamato in Italia (1877), prima nell&#8217;intento di preparare una spedizione di educatori salesiani in India, poi per l&#8217;irradiazione di istituti educativi di salesiani e figlie di Maria Ausiliatrice in Francia (1878, 1880), Sicilia (1879), Spagna e Portogallo (1881).<\/p>\n<p>Il 18 aprile 1904 fu promosso arcivescovo.<\/p>\n<p>La pratica pastorale e l&#8217;esperienza americana acquisite dal Cagliero indussero, quindi, la Santa Sede a destinarlo come Delegato apostolico e Inviato straordinario presso la Repubblica di Costa Rica (10 giugno 1908) e come Delegato Apostolico di Honduras e Nicaragua (19 e 26 dicembre 1908).<\/p>\n<p>Egli provvide in particolare alla organizzazione della pratica pastorale nelle diocesi, alla penetrazione missionaria tra gli indigeni e alle buone relazioni tra S. Sede e governi liberali e separazionisti (Honduras) o concordatari e tendenzialmente giurisdizionalisti (Costa Rica, Guatemala, El Salvador).<\/p>\n<p>In Costa Rica ottenne nel 1909 che il rappresentante della Santa Sede fosse riconosciuto come decano del corpo diplomatico. In Nicaragua, asceso al potere il conservatore generale Estrada, pot\u00e9 esercitare la sua influenza nella fase di elaborazione della nuova costituzione.<\/p>\n<p>Durante la sua missione in Costa Rica ordin\u00f2 vescovi Jos\u00e9 C\u00e1ndido Pi\u00f1ol y Batres, primo vescovo di Granada in Nicaragua (1914-1915) e Mons. Monestel Zamora, vescovo titolare di Sora e coadiutore di Comayagua in Honduras (1915-1921), entrambi nella Cattedrale di San Jos\u00e9.<br \/>\nNelle varie repubbliche si adoper\u00f2 per l&#8217;ingresso di salesiani e di altri istituti religiosi aventi finalit\u00e0 educative e assistenziali.<\/p>\n<p>Richiamato in Italia (1915), fu creato cardinale (6 dicembre) e assegnato alle congregazioni dei Religiosi, Propaganda Fide e Riti.<\/p>\n<p>Mor\u00ec a Roma il 28 febbraio 1926.<\/p>\n","protected":false},"excerpt":{"rendered":"Nacque a Castelnuovo d&#8217;Asti l&#8217;11 gennaio 1838. Rimasto presto orfano di padre, il 3 novembre 1851 venne accolto da don Giovanni Bosco a Torino nel nascente oratorio salesiano. Fin\u00ec per legarsi indissolubilmente al suo educatore, divenendone uno dei pi\u00f9 versatili e abili collaboratori. Cagliero fu ordinato sacerdote il 14 giugno 1862 e nel 1869 venne [&hellip;]","protected":false},"author":5,"featured_media":0,"parent":454,"menu_order":0,"comment_status":"closed","ping_status":"closed","template":"","meta":{"footnotes":""},"class_list":["post-8691","page","type-page","status-publish","hentry"],"_links":{"self":[{"href":"https:\/\/ambsanjose.esteri.it\/it\/wp-json\/wp\/v2\/pages\/8691","targetHints":{"allow":["GET"]}}],"collection":[{"href":"https:\/\/ambsanjose.esteri.it\/it\/wp-json\/wp\/v2\/pages"}],"about":[{"href":"https:\/\/ambsanjose.esteri.it\/it\/wp-json\/wp\/v2\/types\/page"}],"author":[{"embeddable":true,"href":"https:\/\/ambsanjose.esteri.it\/it\/wp-json\/wp\/v2\/users\/5"}],"replies":[{"embeddable":true,"href":"https:\/\/ambsanjose.esteri.it\/it\/wp-json\/wp\/v2\/comments?post=8691"}],"version-history":[{"count":2,"href":"https:\/\/ambsanjose.esteri.it\/it\/wp-json\/wp\/v2\/pages\/8691\/revisions"}],"predecessor-version":[{"id":8734,"href":"https:\/\/ambsanjose.esteri.it\/it\/wp-json\/wp\/v2\/pages\/8691\/revisions\/8734"}],"up":[{"embeddable":true,"href":"https:\/\/ambsanjose.esteri.it\/it\/wp-json\/wp\/v2\/pages\/454"}],"wp:attachment":[{"href":"https:\/\/ambsanjose.esteri.it\/it\/wp-json\/wp\/v2\/media?parent=8691"}],"curies":[{"name":"wp","href":"https:\/\/api.w.org\/{rel}","templated":true}]}}