{"id":89,"date":"2023-04-11T18:22:07","date_gmt":"2023-04-11T16:22:07","guid":{"rendered":"https:\/\/ambasciatapraga.esteri.it\/?page_id=89"},"modified":"2023-10-02T02:49:07","modified_gmt":"2023-10-02T08:49:07","slug":"visti","status":"publish","type":"page","link":"https:\/\/ambsanjose.esteri.it\/it\/servizi-consolari-e-visti\/servizi-per-il-cittadino-straniero\/visti\/","title":{"rendered":"Visti"},"content":{"rendered":"<p>Si raccomanda di prendere attenta visione, sul<a href=\"https:\/\/vistoperitalia.esteri.it\/home.aspx\">\u00a0sito ufficiale \u201cIl Visto per l\u2019Italia\u201d<\/a>, dei diritti e doveri dello straniero relativi all&#8217;ingresso e al soggiorno in Italia e nel resto del territorio Schengen, in base alla tipologia di visto posseduta.Si ricorda che\u00a0i cittadini costaricani NON necessitano del visto per soggiorni di breve durata\u00a0(fino ad un massimo di 90 giorni ogni 180 gg). Per soggiorni brevi in Italia per turismo o affari sar\u00e0 sufficiente un passaporto in corso di validit\u00e0, cio\u00e8 che abbia validit\u00e0 di almeno tre mesi dopo la data prevista per la partenza dal territorio degli Stati membri Schengen.Tutti i richiedenti di VSU (Visto Schengen Uniforme (di tipo \u201cC\u201d), valido per il transito ed il soggiorno nel territorio di tutti gli Stati membri dell\u2019UE, con durata massima di 90 giorni ogni 180 giorni, dovranno contattare l\u2019Ambasciata d\u2019Italia in Costa Rica attraverso il portale\u00a0<a href=\"https:\/\/prenotami.esteri.it\/\">Prenot@mi.<\/a><\/p>\n<p><strong>Il VISTO DI STUDIO<\/strong><\/p>\n<p>Il visto d\u2019ingresso per l\u2019Italia piu\u2019 richiesto in Costarica e\u2019 quello per motivi di studio. Uno dei requisiti fondamentali per ottenere un visto per studio universitario per l&#8217;Italia e\u2019 la preventiva registrazione su\u00a0<a href=\"https:\/\/www.universitaly.it\/\">https:\/\/www.universitaly.it\/<\/a>, il portale del Governo italiano dedicato agli studenti stranieri che intendono studiare in Italia<\/p>\n<p>Gli studenti costaricani che intendono iscriversi ad un\u00a0<strong>corso universitario<\/strong>, un\u00a0<strong>master<\/strong>\u00a0o ad un\u00a0<strong>corso di dottorato<\/strong>\u00a0dovranno effettuare una pre-iscrizione al corso universitario scelto, direttamente on line attraverso il portale.<\/p>\n<p>Analoga regola vale anche\u00a0 per coloro che vogliono iscriversi ai corsi delle Istituzioni dell&#8217;Alta Formazione Artistica Musicale e Coreutica (AFAM) ed alle Scuole Superiori di Mediazione Linguistica (SSML).<\/p>\n<p>Solo quando l&#8217;Universit\u00e0 o l\u2019Istituzione italiana accetta e convalida la domanda di immatricolazione, si potra\u2019 avviare la procedura per il rilascio del visto.Per informazioni ulteriori inviare una mail a\u00a0<a href=\"mailto:consolare.sanjose@esteri.it\">consolare.sanjose@esteri.it<\/a>.<\/p>\n","protected":false},"excerpt":{"rendered":"Si raccomanda di prendere attenta visione, sul\u00a0sito ufficiale \u201cIl Visto per l\u2019Italia\u201d, dei diritti e doveri dello straniero relativi all&#8217;ingresso e al soggiorno in Italia e nel resto del territorio Schengen, in base alla tipologia di visto posseduta.Si ricorda che\u00a0i cittadini costaricani NON necessitano del visto per soggiorni di breve durata\u00a0(fino ad un massimo di [&hellip;]","protected":false},"author":1,"featured_media":0,"parent":48,"menu_order":0,"comment_status":"closed","ping_status":"closed","template":"","meta":{"footnotes":""},"class_list":["post-89","page","type-page","status-publish","hentry"],"_links":{"self":[{"href":"https:\/\/ambsanjose.esteri.it\/it\/wp-json\/wp\/v2\/pages\/89","targetHints":{"allow":["GET"]}}],"collection":[{"href":"https:\/\/ambsanjose.esteri.it\/it\/wp-json\/wp\/v2\/pages"}],"about":[{"href":"https:\/\/ambsanjose.esteri.it\/it\/wp-json\/wp\/v2\/types\/page"}],"author":[{"embeddable":true,"href":"https:\/\/ambsanjose.esteri.it\/it\/wp-json\/wp\/v2\/users\/1"}],"replies":[{"embeddable":true,"href":"https:\/\/ambsanjose.esteri.it\/it\/wp-json\/wp\/v2\/comments?post=89"}],"version-history":[{"count":2,"href":"https:\/\/ambsanjose.esteri.it\/it\/wp-json\/wp\/v2\/pages\/89\/revisions"}],"predecessor-version":[{"id":253,"href":"https:\/\/ambsanjose.esteri.it\/it\/wp-json\/wp\/v2\/pages\/89\/revisions\/253"}],"up":[{"embeddable":true,"href":"https:\/\/ambsanjose.esteri.it\/it\/wp-json\/wp\/v2\/pages\/48"}],"wp:attachment":[{"href":"https:\/\/ambsanjose.esteri.it\/it\/wp-json\/wp\/v2\/media?parent=89"}],"curies":[{"name":"wp","href":"https:\/\/api.w.org\/{rel}","templated":true}]}}