{"id":9014,"date":"2025-06-04T16:13:55","date_gmt":"2025-06-04T22:13:55","guid":{"rendered":"https:\/\/ambsanjose.esteri.it\/?page_id=9014"},"modified":"2025-07-27T18:17:43","modified_gmt":"2025-07-28T00:17:43","slug":"giuseppe-corvetti","status":"publish","type":"page","link":"https:\/\/ambsanjose.esteri.it\/it\/italia-e-costa-rica\/diplomazia-culturale\/le-storie-degli-italiani\/giuseppe-corvetti\/","title":{"rendered":"Giuseppe Corvetti\u00a0"},"content":{"rendered":"<p>Giuseppe Corvetti nacque a Pisa nel 1884. All&#8217;et\u00e0 di quattro anni si trasfer\u00ec in Costa Rica con il padre, Giulio (pure medico), dove visse fino ai dieci anni. Rientrato poi in Italia, si dedic\u00f2 agli studi.<\/p>\n<p>Frequent\u00f2 il corso di Medicina presso l&#8217;Universit\u00e0 di Pisa, una delle pi\u00f9 prestigiose d\u2019Italia, laureandosi con il massimo dei voti all\u2019unanimit\u00e0 e\u00a0 conseguendo i diplomi di medico chirurgo e specialista in oculistica. Si distinse come il primo della sua classe, guadagnandosi stima e riconoscimenti.<\/p>\n<p>Tra le tesi sviluppate per il conseguimento del dottorato, ricevette speciali elogi per la sua monografia sui sarcomi della coroide.<\/p>\n<p>Nonostante la Clinica Oculistica di Pisa gli avesse offerto un posto come primo assistente, l\u2019affetto per il Costa Rica, paese in cui aveva trascorso parte dell\u2019infanzia, lo spinse a tornare.<\/p>\n<p>Rientrato in Costa Rica, nel 1909 entr\u00f2 a far parte ufficialmente della Facolt\u00e0 Medica della Repubblica di Costa Rica, iniziando cos\u00ec la sua carriera come medico oculista riconosciuto nel paese. Torn\u00f2 brevemente in Italia per combattere nella Prima Guerra Mondiale, ma al termine del conflitto fece ritorno in Costa Rica, dove si dedic\u00f2 con passione alla professione di medico oculista.<\/p>\n<p>Nonostante la giovane et\u00e0, il dottor Corvetti riusc\u00ec a costruirsi una clientela vasta e distinta in una delle specializzazioni mediche pi\u00f9 complesse.<\/p>\n","protected":false},"excerpt":{"rendered":"Giuseppe Corvetti nacque a Pisa nel 1884. All&#8217;et\u00e0 di quattro anni si trasfer\u00ec in Costa Rica con il padre, Giulio (pure medico), dove visse fino ai dieci anni. Rientrato poi in Italia, si dedic\u00f2 agli studi. Frequent\u00f2 il corso di Medicina presso l&#8217;Universit\u00e0 di Pisa, una delle pi\u00f9 prestigiose d\u2019Italia, laureandosi con il massimo dei [&hellip;]","protected":false},"author":5,"featured_media":9017,"parent":454,"menu_order":0,"comment_status":"closed","ping_status":"closed","template":"","meta":{"footnotes":""},"class_list":["post-9014","page","type-page","status-publish","has-post-thumbnail","hentry"],"_links":{"self":[{"href":"https:\/\/ambsanjose.esteri.it\/it\/wp-json\/wp\/v2\/pages\/9014","targetHints":{"allow":["GET"]}}],"collection":[{"href":"https:\/\/ambsanjose.esteri.it\/it\/wp-json\/wp\/v2\/pages"}],"about":[{"href":"https:\/\/ambsanjose.esteri.it\/it\/wp-json\/wp\/v2\/types\/page"}],"author":[{"embeddable":true,"href":"https:\/\/ambsanjose.esteri.it\/it\/wp-json\/wp\/v2\/users\/5"}],"replies":[{"embeddable":true,"href":"https:\/\/ambsanjose.esteri.it\/it\/wp-json\/wp\/v2\/comments?post=9014"}],"version-history":[{"count":3,"href":"https:\/\/ambsanjose.esteri.it\/it\/wp-json\/wp\/v2\/pages\/9014\/revisions"}],"predecessor-version":[{"id":9543,"href":"https:\/\/ambsanjose.esteri.it\/it\/wp-json\/wp\/v2\/pages\/9014\/revisions\/9543"}],"up":[{"embeddable":true,"href":"https:\/\/ambsanjose.esteri.it\/it\/wp-json\/wp\/v2\/pages\/454"}],"wp:featuredmedia":[{"embeddable":true,"href":"https:\/\/ambsanjose.esteri.it\/it\/wp-json\/wp\/v2\/media\/9017"}],"wp:attachment":[{"href":"https:\/\/ambsanjose.esteri.it\/it\/wp-json\/wp\/v2\/media?parent=9014"}],"curies":[{"name":"wp","href":"https:\/\/api.w.org\/{rel}","templated":true}]}}