{"id":9314,"date":"2025-07-14T12:48:01","date_gmt":"2025-07-14T18:48:01","guid":{"rendered":"https:\/\/ambsanjose.esteri.it\/?page_id=9314"},"modified":"2025-07-15T10:06:28","modified_gmt":"2025-07-15T16:06:28","slug":"italia-patrimonio-culinario-mediterraneo","status":"publish","type":"page","link":"https:\/\/ambsanjose.esteri.it\/it\/italia-e-costa-rica\/diplomazia-culturale\/la-cucina-delle-radici\/italia-patrimonio-culinario-mediterraneo\/","title":{"rendered":"Italia, patrimonio culinario mediterraneo"},"content":{"rendered":"<p><a href=\"https:\/\/flipbookpdf.net\/web\/site\/903bff00a58a02653b556544d8cf7921e4706191202507.pdf.html\"><img loading=\"lazy\" decoding=\"async\" class=\"alignleft wp-image-9317 img-fluid\" src=\"https:\/\/ambsanjose.esteri.it\/wp-content\/uploads\/2025\/07\/Italia-patrimonio-culinario-mediterraneo-239x300.png\" alt=\"\" width=\"317\" height=\"398\" srcset=\"https:\/\/ambsanjose.esteri.it\/wp-content\/uploads\/2025\/07\/Italia-patrimonio-culinario-mediterraneo-239x300.png 239w, https:\/\/ambsanjose.esteri.it\/wp-content\/uploads\/2025\/07\/Italia-patrimonio-culinario-mediterraneo.png 611w\" sizes=\"auto, (max-width: 317px) 100vw, 317px\" \/><\/a><\/p>\n<p>La <strong>dieta mediterranea<\/strong> rappresenta un insieme di abitudini alimentari che riflette un sistema culturale incentrato sulla salute, sulla qualit\u00e0 degli alimenti e sul loro legame con il territorio. Ispirata alle tradizioni alimentari dei paesi europei del bacino del Mediterraneo, questa dieta, prevalente nella popolazione del Mare Nostrum, \u00e8 stata riconosciuta dal 2010 come Patrimonio dell&#8217;Umanit\u00e0 dall&#8217;UNESCO.<\/p>\n<p>Numerosi studi medici hanno confermato i benefici della dieta mediterranea per la salute, dimostrando la sua capacit\u00e0 di ridurre l&#8217;incidenza e la mortalit\u00e0 delle malattie cardiovascolari, di alcuni tipi di cancro, nonch\u00e9 l&#8217;insorgenza di malattie neurodegenerative come l&#8217;Alzheimer e il Parkinson.<\/p>\n<p>Ci\u00f2 \u00e8 dovuto al fatto che la sua base alimentare \u00e8 composta da verdura e frutta di stagione, cereali, legumi, pesce, olio extravergine di oliva, vino in quantit\u00e0 moderate e un consumo limitato di carne e grassi animali.<\/p>\n<p>La dieta mediterranea promuove il consumo di alimenti in armonia con i ritmi della natura, rispettando la biodiversit\u00e0 e le peculiarit\u00e0 del territorio attraverso diverse semine e rotazioni colturali, il che contribuisce anche alla sicurezza alimentare.<\/p>\n<p>L&#8217;elevato consumo di cereali, frutta, verdura e legumi richiede meno risorse naturali (suolo, acqua) e genera minori emissioni di gas serra rispetto a un modello basato sulla produzione e il consumo di proteine animali.<\/p>\n<p>Ci\u00f2 non solo riduce l&#8217;impatto ambientale, ma diminuisce anche i costi di acquisto e trasporto da regioni lontane.<\/p>\n<p>In questo contesto, i prodotti originari del bacino del Mediterraneo e i processi di produzione che ne garantiscono la qualit\u00e0, come le certificazioni \u201cIndicazioni Geografiche Protette\u201d (IGP) e \u201cDenominazioni di Origine Protette\u201d (DOP), sono di grande rilevanza. Queste certificazioni preservano le tradizioni alimentari e garantiscono l&#8217;eccellenza nel gusto e nel valore nutrizionale,<br \/>\noltre a sostenere l&#8217;economia delle zone rurali.<\/p>\n<p>La pubblicazione qui sopra\u00a0\u2013 \u201c<strong>Italia, patrimonio culinario mediterraneo<\/strong>\u201d \u2013 mette in risalto alcuni prodotti alimentari, territori e itinerari enogastronomici italiani e contribuisce alla migliore conoscenza e diffusione delle eccellenze gastronomiche italiane.<\/p>\n<p>E&#8217; un&#8217;occasione per promuovere le tradizioni culinarie, gastronomiche ed enologiche italiane a partire dai valori che le contraddistinguono: qualit\u00e0, sostenibilit\u00e0, cultura, educazione, identit\u00e0, territorio, biodiversit\u00e0, inclusione, valorizzazione dei prodotti.<\/p>\n<p>&nbsp;<\/p>\n<p>&nbsp;<\/p>\n","protected":false},"excerpt":{"rendered":"La dieta mediterranea rappresenta un insieme di abitudini alimentari che riflette un sistema culturale incentrato sulla salute, sulla qualit\u00e0 degli alimenti e sul loro legame con il territorio. Ispirata alle tradizioni alimentari dei paesi europei del bacino del Mediterraneo, questa dieta, prevalente nella popolazione del Mare Nostrum, \u00e8 stata riconosciuta dal 2010 come Patrimonio dell&#8217;Umanit\u00e0 [&hellip;]","protected":false},"author":5,"featured_media":9317,"parent":4609,"menu_order":0,"comment_status":"closed","ping_status":"closed","template":"","meta":{"footnotes":""},"class_list":["post-9314","page","type-page","status-publish","has-post-thumbnail","hentry"],"_links":{"self":[{"href":"https:\/\/ambsanjose.esteri.it\/it\/wp-json\/wp\/v2\/pages\/9314","targetHints":{"allow":["GET"]}}],"collection":[{"href":"https:\/\/ambsanjose.esteri.it\/it\/wp-json\/wp\/v2\/pages"}],"about":[{"href":"https:\/\/ambsanjose.esteri.it\/it\/wp-json\/wp\/v2\/types\/page"}],"author":[{"embeddable":true,"href":"https:\/\/ambsanjose.esteri.it\/it\/wp-json\/wp\/v2\/users\/5"}],"replies":[{"embeddable":true,"href":"https:\/\/ambsanjose.esteri.it\/it\/wp-json\/wp\/v2\/comments?post=9314"}],"version-history":[{"count":3,"href":"https:\/\/ambsanjose.esteri.it\/it\/wp-json\/wp\/v2\/pages\/9314\/revisions"}],"predecessor-version":[{"id":9330,"href":"https:\/\/ambsanjose.esteri.it\/it\/wp-json\/wp\/v2\/pages\/9314\/revisions\/9330"}],"up":[{"embeddable":true,"href":"https:\/\/ambsanjose.esteri.it\/it\/wp-json\/wp\/v2\/pages\/4609"}],"wp:featuredmedia":[{"embeddable":true,"href":"https:\/\/ambsanjose.esteri.it\/it\/wp-json\/wp\/v2\/media\/9317"}],"wp:attachment":[{"href":"https:\/\/ambsanjose.esteri.it\/it\/wp-json\/wp\/v2\/media?parent=9314"}],"curies":[{"name":"wp","href":"https:\/\/api.w.org\/{rel}","templated":true}]}}