{"id":933,"date":"2023-11-06T15:26:39","date_gmt":"2023-11-06T21:26:39","guid":{"rendered":"https:\/\/ambsanjose.esteri.it\/?page_id=933"},"modified":"2023-11-06T15:26:39","modified_gmt":"2023-11-06T21:26:39","slug":"autocertificazione","status":"publish","type":"page","link":"https:\/\/ambsanjose.esteri.it\/it\/servizi-consolari-e-visti\/servizi-per-il-cittadino-italiano\/autocertificazione\/","title":{"rendered":"Autocertificazione"},"content":{"rendered":"<p>Cosa \u00e8 l\u2019autocertificazione?<\/p>\n<p>E&#8217; una dichiarazione che l&#8217;interessato redige e sottoscrive nel proprio interesse su stati, fatti e qualit\u00e0 personali e che utilizza nei rapporti con la Pubblica Amministrazione\u00a0e con i concessionari ed i gestori di pubblici servizi.<\/p>\n<p>Nel rapporto con un soggetto privato il ricorso all&#8217;autocertificazione \u00e8 rimandato alla discrezionalit\u00e0 di quest&#8217;ultimo. Le dichiarazione pu\u00f2 sostituire le normali certificazioni e gli atti notori.<\/p>\n<p>Si tratta di un importante processo\u00a0di semplificazione amministrativa per riformare la Pubblica Amministrazione e farla funzionare in maniera pi\u00f9 efficace e trasparente.<\/p>\n","protected":false},"excerpt":{"rendered":"Cosa \u00e8 l\u2019autocertificazione? E&#8217; una dichiarazione che l&#8217;interessato redige e sottoscrive nel proprio interesse su stati, fatti e qualit\u00e0 personali e che utilizza nei rapporti con la Pubblica Amministrazione\u00a0e con i concessionari ed i gestori di pubblici servizi. Nel rapporto con un soggetto privato il ricorso all&#8217;autocertificazione \u00e8 rimandato alla discrezionalit\u00e0 di quest&#8217;ultimo. Le dichiarazione [&hellip;]","protected":false},"author":5,"featured_media":0,"parent":47,"menu_order":50,"comment_status":"closed","ping_status":"closed","template":"","meta":{"footnotes":""},"class_list":["post-933","page","type-page","status-publish","hentry"],"_links":{"self":[{"href":"https:\/\/ambsanjose.esteri.it\/it\/wp-json\/wp\/v2\/pages\/933","targetHints":{"allow":["GET"]}}],"collection":[{"href":"https:\/\/ambsanjose.esteri.it\/it\/wp-json\/wp\/v2\/pages"}],"about":[{"href":"https:\/\/ambsanjose.esteri.it\/it\/wp-json\/wp\/v2\/types\/page"}],"author":[{"embeddable":true,"href":"https:\/\/ambsanjose.esteri.it\/it\/wp-json\/wp\/v2\/users\/5"}],"replies":[{"embeddable":true,"href":"https:\/\/ambsanjose.esteri.it\/it\/wp-json\/wp\/v2\/comments?post=933"}],"version-history":[{"count":1,"href":"https:\/\/ambsanjose.esteri.it\/it\/wp-json\/wp\/v2\/pages\/933\/revisions"}],"predecessor-version":[{"id":935,"href":"https:\/\/ambsanjose.esteri.it\/it\/wp-json\/wp\/v2\/pages\/933\/revisions\/935"}],"up":[{"embeddable":true,"href":"https:\/\/ambsanjose.esteri.it\/it\/wp-json\/wp\/v2\/pages\/47"}],"wp:attachment":[{"href":"https:\/\/ambsanjose.esteri.it\/it\/wp-json\/wp\/v2\/media?parent=933"}],"curies":[{"name":"wp","href":"https:\/\/api.w.org\/{rel}","templated":true}]}}