{"id":9394,"date":"2025-07-22T21:22:45","date_gmt":"2025-07-23T03:22:45","guid":{"rendered":"https:\/\/ambsanjose.esteri.it\/?page_id=9394"},"modified":"2025-07-28T12:14:52","modified_gmt":"2025-07-28T18:14:52","slug":"oscar-scaglioni","status":"publish","type":"page","link":"https:\/\/ambsanjose.esteri.it\/it\/italia-e-costa-rica\/diplomazia-culturale\/le-storie-degli-italiani\/oscar-scaglioni\/","title":{"rendered":"Oscar Scaglioni"},"content":{"rendered":"<p>Oscar Scaglioni nacque nel 1927 a Castelponzone, in provincia di Cremona, Italia. Sin da giovane mostr\u00f2 un talento eccezionale per la musica lirica. Studi\u00f2 al prestigioso Conservatorio Giuseppe Verdi di Milano, dove si diplom\u00f2 nel 1951 come bar\u00edtono e maestro di scena.<\/p>\n<p>Debutt\u00f2 nel 1952 al Teatro Nuovo di Milano con l&#8217;opera Rigoletto. Negli anni seguenti lavor\u00f2 come cantante e direttore artistico presso il Teatro da Camera di Milano, ricevendo la Medaglia di Santa Cecilia per il suo contributo alla musica lirica.<\/p>\n<p>Durante la sua carriera europea Scaglioni cant\u00f2 al fianco come Beniamino Gigli, Tito Schipa, Mario Del Monaco, Ettore Bastianini, Gianni Poggi e Renata Tebaldi, portando il suo talento in tourn\u00e9e in numerose citt\u00e0 europee con la compagnia d&#8217;Opera Italiana.<\/p>\n<p>Nel 1961 si trasfer\u00ec in America con la compagnia di Opera Italiana, stabilendosi definitivamente in Costa Rica nel 1963, all\u2019et\u00e0 di 34 anni. Il suo arrivo segn\u00f2 una svolta decisiva per il panorama lirico del paese diventando uno dei principali artefici della professionalizzazione e della diffusione dell\u2019opera in Costa Rica.<\/p>\n<p>Qui si afferm\u00f2 non solo come bar\u00edtono ma anche come regista. Fu responsabile della preparazione musicale e scenica di numerose opere e operette, tra cui Il trovatore, La forza del destino, Cavalleria rusticana, Pagliacci, La traviata, Tosca, La boh\u00e8me, Rigoletto, Madama Butterfly, Don Pasquale, L\u2019elisir d\u2019amore, Il matrimonio segreto, La serva padrona, Il maestro di cappella, Il barbiere di Siviglia e La Arlequinata.<\/p>\n<p>Uno dei suoi primi successi in Costa Rica fu Madama Butterfly, messa in scena al Teatro Nacional sotto la direzione musicale del maestro Benjam\u00edn Guti\u00e9rrez. Tale produzione segn\u00f2 l&#8217;inizio di un periodo di rinascita dell\u2019opera lirica nel paese.<\/p>\n<p>Inizi\u00f2 la sua attivit\u00e0 didattica in un piccolo spazio presso l&#8217;antica Radio Fides, per poi diventare docente al Conservatorio Castella e alla Scuola di Arti Musicali dell\u2019Universit\u00e0 del Costa Rica (UCR), dove fu successivamente nominato professore emerito. Fond\u00f2 anche la sua Accademia Scaglioni, che divenne un punto di riferimento per lo studio del belcanto.<br \/>\nTra i suoi allievi figurano importanti nomi del panorama lirico costaricense, come Enrique Granados, Gonzalo Castell\u00f3n, Julio Villalobos e Magdalena de Hidalgo.<\/p>\n<p>Nel 1980 ricevette il prestigioso Premio \u00c1ncora per il suo contributo alla cultura nazionale. La sua accademia ha promosso numerosi concerti in Costa Rica e in Centroamerica, contribuendo a diffondere il repertorio lirico in tutta la regione.<\/p>\n<p>Mor\u00ec il 1\u00ba febbraio 2008.<\/p>\n","protected":false},"excerpt":{"rendered":"Oscar Scaglioni nacque nel 1927 a Castelponzone, in provincia di Cremona, Italia. Sin da giovane mostr\u00f2 un talento eccezionale per la musica lirica. Studi\u00f2 al prestigioso Conservatorio Giuseppe Verdi di Milano, dove si diplom\u00f2 nel 1951 come bar\u00edtono e maestro di scena. Debutt\u00f2 nel 1952 al Teatro Nuovo di Milano con l&#8217;opera Rigoletto. Negli anni [&hellip;]","protected":false},"author":5,"featured_media":9405,"parent":454,"menu_order":0,"comment_status":"closed","ping_status":"closed","template":"","meta":{"footnotes":""},"class_list":["post-9394","page","type-page","status-publish","has-post-thumbnail","hentry"],"_links":{"self":[{"href":"https:\/\/ambsanjose.esteri.it\/it\/wp-json\/wp\/v2\/pages\/9394","targetHints":{"allow":["GET"]}}],"collection":[{"href":"https:\/\/ambsanjose.esteri.it\/it\/wp-json\/wp\/v2\/pages"}],"about":[{"href":"https:\/\/ambsanjose.esteri.it\/it\/wp-json\/wp\/v2\/types\/page"}],"author":[{"embeddable":true,"href":"https:\/\/ambsanjose.esteri.it\/it\/wp-json\/wp\/v2\/users\/5"}],"replies":[{"embeddable":true,"href":"https:\/\/ambsanjose.esteri.it\/it\/wp-json\/wp\/v2\/comments?post=9394"}],"version-history":[{"count":2,"href":"https:\/\/ambsanjose.esteri.it\/it\/wp-json\/wp\/v2\/pages\/9394\/revisions"}],"predecessor-version":[{"id":9399,"href":"https:\/\/ambsanjose.esteri.it\/it\/wp-json\/wp\/v2\/pages\/9394\/revisions\/9399"}],"up":[{"embeddable":true,"href":"https:\/\/ambsanjose.esteri.it\/it\/wp-json\/wp\/v2\/pages\/454"}],"wp:featuredmedia":[{"embeddable":true,"href":"https:\/\/ambsanjose.esteri.it\/it\/wp-json\/wp\/v2\/media\/9405"}],"wp:attachment":[{"href":"https:\/\/ambsanjose.esteri.it\/it\/wp-json\/wp\/v2\/media?parent=9394"}],"curies":[{"name":"wp","href":"https:\/\/api.w.org\/{rel}","templated":true}]}}