{"id":9600,"date":"2025-07-28T12:08:57","date_gmt":"2025-07-28T18:08:57","guid":{"rendered":"https:\/\/ambsanjose.esteri.it\/?page_id=9600"},"modified":"2025-07-28T12:08:57","modified_gmt":"2025-07-28T18:08:57","slug":"costa-rica-breve-panoramica","status":"publish","type":"page","link":"https:\/\/ambsanjose.esteri.it\/it\/italia-e-costa-rica\/diplomazia-culturale\/conosci-le-istituzioni-del-costa-rica\/costa-rica-breve-panoramica\/","title":{"rendered":"Costa Rica: breve panoramica"},"content":{"rendered":"<p style=\"text-align: left;\" data-start=\"184\" data-end=\"607\">Il <strong>Costa Rica<\/strong> \u00e8 una repubblica democratica situata in America Centrale, confinante a nord con il Nicaragua, a sud-est con Panama, a ovest con l\u2019Oceano Pacifico e a est con il Mar dei Caraibi. \u00c8 uno Stato unitario con una forma di governo repubblicana presidenziale, in cui il Presidente della Repubblica \u00e8 sia capo di Stato che capo del governo, eletto direttamente dal popolo ogni quattro anni. Con una popolazione di circa 5,2 milioni di abitanti, il Costa Rica presenta una composizione sociale prevalentemente meticcia, con minoranze afrodiscendenti, soprattutto sulla costa del Caribe, indigene e di origine europea e asiatica. La societ\u00e0 costaricana \u00e8 fortemente urbanizzata, con un\u2019alta concentrazione di popolazione nella Valle Centrale, dove si trova anche la capitale, San Jos\u00e9.<\/p>\n<p style=\"text-align: left;\" data-start=\"983\" data-end=\"1473\">Dal punto di vista culturale, il Costa Rica appartiene alla tradizione latinoamericana ispanofona, con forti influenze spagnole nella lingua, nella religione, nei costumi e nella gastronomia che riflettono un\u2019eredit\u00e0 ispanica arricchita soprattutto da influssi afro-caraibici e indigeni: la lingua ufficiale \u00e8 lo spagnolo, ma esistono dialetti regionali e lingue autoctone ancora parlate in alcune comunit\u00e0, cosi come la religione predominante \u00e8 il cattolicesimo romano, riconosciuto come religione di Stato, sebbene sia garantita la libert\u00e0 religiosa. Il paese vanta una solida identit\u00e0 culturale basata sulla pace, sull\u2019educazione e sul rispetto ambientale, con un ricco patrimonio di tradizioni popolari, musica e danza, oltre che l&#8217;iconico\u00a0concetto di <em data-start=\"661\" data-end=\"674\">\u201cpura vida\u201d<\/em>, usato come saluto o stile di vita, esprime perfettamente l\u2019ottimismo e la semplicit\u00e0 che caratterizzano la cultura costaricana. Il paese infatti \u00e8 spesso definito \u201cla Svizzera dell\u2019America Centrale\u201d per la sua stabilit\u00e0 politica e l\u2019assenza di forze armate, oltre che per lo stile di vita molto tranquillo dei suoi abitanti.<\/p>\n<p style=\"text-align: left;\" data-start=\"1475\" data-end=\"1929\">Sul piano economico, il Costa Rica ha un\u2019economia aperta e diversificata. I principali prodotti di esportazione includono dispositivi medici, microcomponenti elettronici, banane, caff\u00e8 e ananas. Le importazioni riguardano soprattutto combustibili, materie prime, macchinari e beni di consumo. Il paese \u00e8 noto anche per il suo modello di sviluppo sostenibile, l\u2019attrattivit\u00e0 per gli investimenti esteri e l\u2019industria del turismo ecologico; inoltre l&#8217;abolizione dell\u2019esercito dal 1949 ha consentito il paese grandi investimenti in istruzione e salute come pilastri fondamentali del proprio sviluppo. Grazie alla sua posizione geografica, al clima tropicale e alla straordinaria biodiversit\u00e0, il Costa Rica \u00e8 uno dei paesi leader a livello globale in materia di conservazione ambientale da cui beneficia anche da un punto di vista turistico, vista la grande attrattivit\u00e0 dei suoi luoghi naturali incontaminati; infatti \u00e8 uno dei paesi al mondo con il maggior numero di specie e habitat naturali, nonostante le dimensioni ridotte.<\/p>\n<p style=\"text-align: left;\" data-start=\"1475\" data-end=\"1929\">Il Costa Rica intrattiene ottimi rapporti con l\u2019Italia, fondati su legami storici, culturali ed economici. L\u2019emigrazione italiana ha lasciato un\u2019impronta significativa nel paese, contribuendo allo sviluppo di diversi settori, dall\u2019edilizia all\u2019istruzione. Oggi la cooperazione si esprime attraverso scambi culturali, progetti accademici e collaborazioni nel campo della sostenibilit\u00e0 e delle energie rinnovabili. L\u2019Italia \u00e8 anche un partner commerciale rilevante per il Costa Rica, mentre la cultura italiana \u2013 dalla cucina all\u2019arte \u2013 \u00e8 apprezzata e valorizzata nelle principali citt\u00e0 del paese.<\/p>\n","protected":false},"excerpt":{"rendered":"Il Costa Rica \u00e8 una repubblica democratica situata in America Centrale, confinante a nord con il Nicaragua, a sud-est con Panama, a ovest con l\u2019Oceano Pacifico e a est con il Mar dei Caraibi. \u00c8 uno Stato unitario con una forma di governo repubblicana presidenziale, in cui il Presidente della Repubblica \u00e8 sia capo di [&hellip;]","protected":false},"author":5,"featured_media":0,"parent":873,"menu_order":0,"comment_status":"closed","ping_status":"closed","template":"","meta":{"footnotes":""},"class_list":["post-9600","page","type-page","status-publish","hentry"],"_links":{"self":[{"href":"https:\/\/ambsanjose.esteri.it\/it\/wp-json\/wp\/v2\/pages\/9600","targetHints":{"allow":["GET"]}}],"collection":[{"href":"https:\/\/ambsanjose.esteri.it\/it\/wp-json\/wp\/v2\/pages"}],"about":[{"href":"https:\/\/ambsanjose.esteri.it\/it\/wp-json\/wp\/v2\/types\/page"}],"author":[{"embeddable":true,"href":"https:\/\/ambsanjose.esteri.it\/it\/wp-json\/wp\/v2\/users\/5"}],"replies":[{"embeddable":true,"href":"https:\/\/ambsanjose.esteri.it\/it\/wp-json\/wp\/v2\/comments?post=9600"}],"version-history":[{"count":1,"href":"https:\/\/ambsanjose.esteri.it\/it\/wp-json\/wp\/v2\/pages\/9600\/revisions"}],"predecessor-version":[{"id":9601,"href":"https:\/\/ambsanjose.esteri.it\/it\/wp-json\/wp\/v2\/pages\/9600\/revisions\/9601"}],"up":[{"embeddable":true,"href":"https:\/\/ambsanjose.esteri.it\/it\/wp-json\/wp\/v2\/pages\/873"}],"wp:attachment":[{"href":"https:\/\/ambsanjose.esteri.it\/it\/wp-json\/wp\/v2\/media?parent=9600"}],"curies":[{"name":"wp","href":"https:\/\/api.w.org\/{rel}","templated":true}]}}