{"id":9663,"date":"2025-07-29T08:12:02","date_gmt":"2025-07-29T14:12:02","guid":{"rendered":"https:\/\/ambsanjose.esteri.it\/?page_id=9663"},"modified":"2025-09-19T12:24:01","modified_gmt":"2025-09-19T18:24:01","slug":"stefano-corti-un-italiano-in-costa-rica-vittima-dellinquisizione","status":"publish","type":"page","link":"https:\/\/ambsanjose.esteri.it\/it\/italia-e-costa-rica\/diplomazia-culturale\/le-storie-degli-italiani\/stefano-corti-un-italiano-in-costa-rica-vittima-dellinquisizione\/","title":{"rendered":"Stefano Corti, un italiano in Costa Rica vittima dell\u2019Inquisizione"},"content":{"rendered":"<p><span lang=\"IT\">Stefano Corti nacque a Lomazzo, in provincia di Como, nel 1753.<\/span><\/p>\n<p><span lang=\"IT\">Studi\u00f2 grammatica, filosofia, botanica, farmacia, chimica e mineralogia a Milano, per poi conseguire la laurea in Medicina presso l\u2019Universit\u00e0 di Pavia.<\/span><\/p>\n<p><span lang=\"IT\">Nel 1781 si trasfer\u00ec a Genova e poco dopo si imbarc\u00f2 per Barcellona, dove ottenne un grande successo come medico. Tuttavia, col tempo cominci\u00f2 a entrare in conflitto con l\u2019ambiente locale, a causa della sua associazione con alcuni malviventi per lo sfruttamento dei pazienti. Fu accusato di ciarlataneria, imbroglio e di essere un medico interessato, accuse che egli stesso attribuiva, nella sua difesa, all\u2019invidia dei medici locali incapaci di sopportare la sua competenza.<\/span><\/p>\n<p><span lang=\"IT\">Tra il 1786 e il 1789, a complicare ulteriormente la sua situazione, fu sottoposto a diverse accuse da parte del Santo Uffizio per la sua vita licenziosa e per pratiche superstiziose e contrarie alla fede. Cercando protezione, Corti si rivolse all\u2019Ambasciatore Italiano Greppi e si trasfer\u00ec a Madrid, dove ebbe l\u2019opportunit\u00e0 di conoscere don Jos\u00e9 V\u00e1squez y T\u00e9llez, recentemente nominato governatore del Costa Rica, che gli propose di seguirlo nella sua nuova carica.<\/span><\/p>\n<p><span lang=\"IT\">Dopo la partenza da Cadice e una breve sosta a Cartagena, in Colombia, entrambi si stabilirono a Cartago nel novembre del 1790. Qui, Corti ottenne rapidamente un grande successo come medico, tanto da essere considerato il primo professionista con una vera formazione medica ad arrivare in Costa Rica.<\/span><\/p>\n<p><span lang=\"IT\">Nonostante ci\u00f2, la sua vita dissoluta, le sue numerose relazioni amorose, talvolta con donne sposate, il suo linguaggio poco ortodosso e l\u2019innegabile invidia dei medici locali, turbati dalla sua indiscussa abilit\u00e0, portarono a una serie di denunce e accuse che fornirono al Santo Uffizio la base per avviare un\u2019inchiesta, iniziata nel settembre del 1791 e culminata con 24 gravi capi di imputazione.<\/span><\/p>\n<p><span lang=\"IT\">Nel 1794, dopo la confisca dei suoi beni, che testimoniavano il successo della sua attivit\u00e0 professionale dal punto di vista economico, Corti fu arrestato e rinchiuso nelle carceri di Cartago. Le autorit\u00e0 ordinarono il suo trasferimento via terra verso Citt\u00e0 del Messico, dove avrebbe dovuto essere processato. Il viaggio dur\u00f2 quasi un anno, con diverse tappe in citt\u00e0 dell\u2019America, durante le quali Corti riusc\u00ec a conquistare la simpatia delle autorit\u00e0 e della popolazione locale grazie alle sue abilit\u00e0 mediche, esercitando la sua professione in modo informale e guadagnando il sostegno di vari cittadini che si mobilitarono affinch\u00e9 il medico potesse rimanere nelle loro citt\u00e0.<\/span><\/p>\n<p><span lang=\"IT\">Le autorit\u00e0 ecclesiastiche tuttavia mantennero una posizione inflessibile, continuando a insistere affinch\u00e9 venisse trasferito immediatamente sotto la giurisdizione dell\u2019Inquisizione della Nuova Spagna. <\/span><\/p>\n<p><span lang=\"IT\">Finalmente giunto a Citt\u00e0 del Messico nel giugno 1795, fu immediatamente rinchiuso in prigione.<\/span><\/p>\n<p><span lang=\"IT\">Dopo sette mesi di detenzione, il 29 febbraio 1796 fu presentata una formale accusa, ampliata fino a 88 capi, in cui, tra le altre cose, veniva definito seguace di Voltaire e Rousseau, sebbene egli ignorasse i loro scritti.<\/span><\/p>\n<p><span lang=\"IT\">Gravemente malato, Corti fu sottoposto a un tetro rituale: vestito con \u00ababito da penitente, corda al collo, bavaglio in bocca, cappuccio conico (coroza) e sambenito con una croce a forma di X\u00bb. Fu infine condannato all\u2019esilio permanente dalle Americhe, al trasferimento in Spagna e a una detenzione di otto anni in una prigione in Africa.<br \/>\nA causa delle sue pessime condizioni di salute, gli fu concesso di restare temporaneamente libero, ma confinato nel Convento dei Carmelitani a Puebla.<\/span><\/p>\n<p><span lang=\"IT\">Nel 1797 da Veracruz fu imbarcato con destinazione Spagna, ma a causa dei conflitti bellici dell\u2019epoca, la nave fece scalo all\u2019Avana. Qui rimase per diversi anni, almeno fino al 1802, continuando a esercitare la medicina ma mantenendo comportamenti blasfemi e da donnaiolo.<\/span><\/p>\n<p><span lang=\"IT\">Nuovamente richiesto dall\u2019Inquisizione, scomparve misteriosamente la notte prima del suo ritorno in Europa.<\/span><\/p>\n<p><span lang=\"IT\">Circolarono varie versioni sul suo destino: \u00abSi diceva che il celebre Corti non fosse mai uscito dall\u2019isola, rimanendo nascosto in un ingegno\u00bb, ma la versione pi\u00f9 attendibile sembra essere quella contenuta nel rapporto del deriso dottor Elos\u00faa, che scrive: \u00abSi sa che il fuggitivo si trovava sull\u2019isola di Providencia, possedimento inglese nel Canale delle Bahamas, da dove continuava a prescrivere ai pazienti locali e anche ai suoi clienti dell\u2019Avana\u00bb.<\/span><\/p>\n<p><span lang=\"IT\">Lo storico costaricano Ricardo Fern\u00e1ndez Guardia verific\u00f2 che Corti mor\u00ec a Filadelfia, negli Stati Uniti d\u2019America, nel 1825.<\/span><\/p>\n<p><span lang=\"IT\">Indipendentemente dalla sua vita personale, Corti fu un medico di grande rilievo per il Costa Rica. Uomo dotato di ampie conoscenze in medicina, fisica e botanica, fu un attento osservatore dei fenomeni naturali e della flora americana, che studi\u00f2 con dedizione e rigore. Fece conoscere in Costa Rica le virt\u00f9 curative di molte piante.<\/span><\/p>\n<p><span lang=\"IT\">Diagnostic\u00f2 la lebbra (malattia di Hansen) nel paese, conducendo diversi esperimenti per curarla o arrestarne il contagio, senza per\u00f2 riuscire in nessuno dei due intenti.<\/span><\/p>\n<p><span lang=\"IT\">Attivo nella sua professione e appassionato lettore, la tradizione tramandata ci ha lasciato racconti pi\u00f9 o meno veritieri sulle \u201cstraordinarie\u201d guarigioni da lui compiute. In tempi di grande ignoranza, i suoi successi contribuirono a farlo considerare un mago e uno stregone.<\/span><\/p>\n<p><span lang=\"IT\">Successivamente ottenne prestigio anche fuori dalla Costa Rica, venendo richiesto, cercato e assediato come un professionista di antica fama, grazie alla lunga serie di successi nel campo medico.<\/span><\/p>\n<p><a href=\"https:\/\/ambsanjose.esteri.it\/wp-content\/uploads\/2025\/09\/libro-completo-curti.pdf\"><span lang=\"IT\"> <img loading=\"lazy\" decoding=\"async\" class=\"alignleft size-medium wp-image-9961 img-fluid\" src=\"https:\/\/ambsanjose.esteri.it\/wp-content\/uploads\/2025\/09\/Stefano-Curti-216x300.png\" alt=\"\" width=\"216\" height=\"300\" srcset=\"https:\/\/ambsanjose.esteri.it\/wp-content\/uploads\/2025\/09\/Stefano-Curti-216x300.png 216w, https:\/\/ambsanjose.esteri.it\/wp-content\/uploads\/2025\/09\/Stefano-Curti.png 643w\" sizes=\"auto, (max-width: 216px) 100vw, 216px\" \/><\/span><\/a><\/p>\n","protected":false},"excerpt":{"rendered":"Stefano Corti nacque a Lomazzo, in provincia di Como, nel 1753. Studi\u00f2 grammatica, filosofia, botanica, farmacia, chimica e mineralogia a Milano, per poi conseguire la laurea in Medicina presso l\u2019Universit\u00e0 di Pavia. Nel 1781 si trasfer\u00ec a Genova e poco dopo si imbarc\u00f2 per Barcellona, dove ottenne un grande successo come medico. Tuttavia, col tempo [&hellip;]","protected":false},"author":5,"featured_media":0,"parent":454,"menu_order":0,"comment_status":"closed","ping_status":"closed","template":"","meta":{"footnotes":""},"class_list":["post-9663","page","type-page","status-publish","hentry"],"_links":{"self":[{"href":"https:\/\/ambsanjose.esteri.it\/it\/wp-json\/wp\/v2\/pages\/9663","targetHints":{"allow":["GET"]}}],"collection":[{"href":"https:\/\/ambsanjose.esteri.it\/it\/wp-json\/wp\/v2\/pages"}],"about":[{"href":"https:\/\/ambsanjose.esteri.it\/it\/wp-json\/wp\/v2\/types\/page"}],"author":[{"embeddable":true,"href":"https:\/\/ambsanjose.esteri.it\/it\/wp-json\/wp\/v2\/users\/5"}],"replies":[{"embeddable":true,"href":"https:\/\/ambsanjose.esteri.it\/it\/wp-json\/wp\/v2\/comments?post=9663"}],"version-history":[{"count":2,"href":"https:\/\/ambsanjose.esteri.it\/it\/wp-json\/wp\/v2\/pages\/9663\/revisions"}],"predecessor-version":[{"id":9964,"href":"https:\/\/ambsanjose.esteri.it\/it\/wp-json\/wp\/v2\/pages\/9663\/revisions\/9964"}],"up":[{"embeddable":true,"href":"https:\/\/ambsanjose.esteri.it\/it\/wp-json\/wp\/v2\/pages\/454"}],"wp:attachment":[{"href":"https:\/\/ambsanjose.esteri.it\/it\/wp-json\/wp\/v2\/media?parent=9663"}],"curies":[{"name":"wp","href":"https:\/\/api.w.org\/{rel}","templated":true}]}}