{"id":9691,"date":"2025-07-29T12:23:32","date_gmt":"2025-07-29T18:23:32","guid":{"rendered":"https:\/\/ambsanjose.esteri.it\/?page_id=9691"},"modified":"2025-07-29T12:23:32","modified_gmt":"2025-07-29T18:23:32","slug":"il-teatro-nacional-de-costa-rica-a-san-jose-monumento-nazionale-di-riferimento","status":"publish","type":"page","link":"https:\/\/ambsanjose.esteri.it\/it\/italia-e-costa-rica\/diplomazia-culturale\/conosci-le-istituzioni-del-costa-rica\/il-teatro-nacional-de-costa-rica-a-san-jose-monumento-nazionale-di-riferimento\/","title":{"rendered":"Il Teatro Nacional de Costa Rica a San Jos\u00e8: monumento nazionale di riferimento"},"content":{"rendered":"<p><img loading=\"lazy\" decoding=\"async\" class=\"alignleft size-medium wp-image-9693 img-fluid\" src=\"https:\/\/ambsanjose.esteri.it\/wp-content\/uploads\/2025\/07\/9e-300x200.jpg\" alt=\"\" width=\"300\" height=\"200\" srcset=\"https:\/\/ambsanjose.esteri.it\/wp-content\/uploads\/2025\/07\/9e-300x200.jpg 300w, https:\/\/ambsanjose.esteri.it\/wp-content\/uploads\/2025\/07\/9e.jpg 669w\" sizes=\"auto, (max-width: 300px) 100vw, 300px\" \/>Il Teatro Nazionale della Costa Rica \u00e8 il principale teatro del paese. Si trova sul lato est della Plaza Juan Mora Fern\u00e1ndez nella citt\u00e0 di San Jos\u00e9, sull&#8217;Avenida 2 Libertador Juan Rafael Mora, tra le vie 3 e 5 nel quartiere Catedral, San Jos\u00e9; \u00e8 un edificio in stile storicista, che si caratterizza per l&#8217;utilizzo di stili e tecniche architettoniche del passato, completato nel 1897. \u00c8 considerato uno degli edifici pi\u00f9 importanti della storia nazionale e il principale gioiello architettonico della citt\u00e0 di San Jos\u00e9. La sua costruzione ha un significato profondo: si inserisce in una fase di costruzione e definizione dello stato costaricano data la stabilit\u00e0 economica e politica dell&#8217;epoca. Come istituzione, il Teatro Nazionale promuove la produzione di arti sceniche di alto livello artistico e conserva per il pubblico alcune delle opere d&#8217;arte pi\u00f9 preziose del paese. \u00c8 stato dichiarato monumento nazionale, patrimonio storico-architettonico del Costa Rica e simbolo nazionale del paese. La costruzione del Teatro Nacional de Costa Rica ebbe inizio nel 1891, sulla base del Decreto N\u00b0 XXXIII del 28 maggio 1890, che lo dichiarava &#8220;obra nacional&#8221;.<\/p>\n<p>All\u2019epoca, San Jos\u00e9 contava circa 20.000 abitanti. Gi\u00e0 nel periodo coloniale esisteva una tradizione teatrale, prevalentemente religiosa, che per\u00f2 non aveva ancora trovato una sede stabile. Solo dopo l\u2019indipendenza e con la costruzione di uno Stato moderno si realizz\u00f2 il primo teatro pubblico, il Teatro Mora, poi divenuto Teatro Municipal, distrutto da un terremoto nel 1888.\u00a0 L\u2019impulso per una nuova grande sala nacque durante la presidenza di Jos\u00e9 Joaqu\u00edn Rodr\u00edguez Zeled\u00f3n. La costruzione fu finanziata inizialmente con un\u2019imposta sull\u2019esportazione del caff\u00e8, poi sostituita con un\u2019imposta sulle merci importate. I contributi della popolazione superarono di gran lunga quelli dei grandi produttori di caff\u00e8, sfatando il mito che fossero stati solo i cafetaleros a finanziare il Teatro.<sup>1 <\/sup>Inaugurato nel 1897 con l\u2019opera <em>Fausto<\/em> di Gounod, il Teatro venne progettato da ingegneri costaricensi formatisi in Europa. Alcuni elementi, come il sistema di sollevamento del pavimento, furono affidati all\u2019ingegnere meccanico italiano <em>Cesare Saldini<\/em>.<br \/>\nL\u2019interno, in stile neo-rinascimentale, \u00e8 impreziosito da marmi di Carrara, lampadari in cristallo e decorazioni in oro, mentre l\u2019esterno \u00e8 ornato da statue realizzate dallo scultore italiano <em>Pietro Bulgarelli<\/em>.<\/p>\n<p>Particolarmente noto \u00e8 il dipinto <em>Alegor\u00eda del caf\u00e9 y el banano<\/em> dell\u2019italiano <em>Aleardo Villa<\/em>, simbolo del modello agroesportatore del paese. Tra le sculture figurano anche opere di artisti italiani come <em>Adri\u00e1tico Froli<\/em> e genovesi come <em>Pietro Capurro<\/em>, oltre a sculture costaricane, tra cui <em>Los h\u00e9roes de la miseria<\/em> di Juan Ram\u00f3n Bonilla e <em>El Flautista<\/em> di Jorge Jim\u00e9nez Deredia. Oltre che di opere Italiane il Teatro \u00e8 ricco di tanti contributi europei di grandissima qualit\u00e0, come i dipinti <em>El Arte<\/em> e <em>El comercio <\/em>del pittore spagnolo <em>Tom\u00e1s Povedano.\u00a0 <\/em>Nel 1965 il Teatro \u00e8 stato dichiarato Monumento Nazionale e da allora rappresenta un simbolo dell\u2019identit\u00e0 culturale costaricana: \u00e8 sede di spettacoli, conferenze, visite ufficiali e eventi culturali. Nel 2025 \u00e8 stato inoltre terminato il restauro delle tele di grande formato <em>Musa I<\/em> e <em>Musa II<\/em>, al primo piano del teatro, promosso dall\u2019IILA \u2013 Istituto Italo-Latino Americano, con finanziamento del Governo italiano. Attualmente il Teatro Nacional, oltre a svolgere la sua funzione principale come spazio scenico, \u00e8 una delle principali attrazioni turistiche di San Jos\u00e9, grazie alla sua imponente architettura neoclassica. Il teatro offre visite guidate nei fine settimana e dispone di un caff\u00e8 e di un negozio di souvenir.<\/p>\n<p>Il Foyer, con due salette annesse (un tempo riservate a fumatori uomini e donne), \u00e8 oggi utilizzato per concerti da camera e ricevimenti ufficiali, e la programmazione degli eventi \u00e8 sempre dedicata alle pi\u00f9 importanti iniziative o ospiti presenti nel paese. \u00c8 innegabile il valore politico e storico del Teatro per il paese: per il popolo costaricano \u00e8 pacificamente ormai l\u2019opera storica e monumentale di riferimento per cittadini e turisti, svolgendo la funzione essenziale di dotare il Costa Rica anche di un\u2019offerta turistica storica, e non solo naturalistica.<br \/>\nMa soprattutto, elemento forse ancora pi\u00f9 importante: ha segnato un momento storicamente fondamentale per il paese, ossia quando la definizione e consolidamento dello stato nella seconda met\u00e0 del 800 ha finalmente consentito la costruzione di una grande opera pubblica, dedicata esclusivamente al paese (e non al governante di turno), con una chiara proiezione culturale e di prestigio. Non \u00e8 un caso che il Teatro Nacional sia stato accompagnato da importanti investimenti infrastrutturali, come il Ferrocarril atlantico: lo stato iniziava a svolgere una funzione, e scelse di farlo anche attraverso la cultura.<\/p>\n<p>&nbsp;<\/p>\n<p><sup>1<\/sup>: <a href=\"https:\/\/guiascostarica.info\/cultura\/el-teatro-nacional\/?utm\">https:\/\/guiascostarica.info\/cultura\/el-teatro-nacional\/?utm<\/a>; <a href=\"https:\/\/www.primeraplana.or.cr\/es\/Historico\/CAFETALEROS_SE_APODERARON_DEL_TEATRO_NACIONAL_SIN_RUBORIZARSE\/?utm\">https:\/\/www.primeraplana.or.cr\/es\/Historico\/CAFETALEROS_SE_APODERARON_DEL_TEATRO_NACIONAL_SIN_RUBORIZARSE\/?utm<\/a><\/p>\n","protected":false},"excerpt":{"rendered":"Il Teatro Nazionale della Costa Rica \u00e8 il principale teatro del paese. Si trova sul lato est della Plaza Juan Mora Fern\u00e1ndez nella citt\u00e0 di San Jos\u00e9, sull&#8217;Avenida 2 Libertador Juan Rafael Mora, tra le vie 3 e 5 nel quartiere Catedral, San Jos\u00e9; \u00e8 un edificio in stile storicista, che si caratterizza per l&#8217;utilizzo [&hellip;]","protected":false},"author":5,"featured_media":0,"parent":873,"menu_order":0,"comment_status":"closed","ping_status":"closed","template":"","meta":{"footnotes":""},"class_list":["post-9691","page","type-page","status-publish","hentry"],"_links":{"self":[{"href":"https:\/\/ambsanjose.esteri.it\/it\/wp-json\/wp\/v2\/pages\/9691","targetHints":{"allow":["GET"]}}],"collection":[{"href":"https:\/\/ambsanjose.esteri.it\/it\/wp-json\/wp\/v2\/pages"}],"about":[{"href":"https:\/\/ambsanjose.esteri.it\/it\/wp-json\/wp\/v2\/types\/page"}],"author":[{"embeddable":true,"href":"https:\/\/ambsanjose.esteri.it\/it\/wp-json\/wp\/v2\/users\/5"}],"replies":[{"embeddable":true,"href":"https:\/\/ambsanjose.esteri.it\/it\/wp-json\/wp\/v2\/comments?post=9691"}],"version-history":[{"count":1,"href":"https:\/\/ambsanjose.esteri.it\/it\/wp-json\/wp\/v2\/pages\/9691\/revisions"}],"predecessor-version":[{"id":9694,"href":"https:\/\/ambsanjose.esteri.it\/it\/wp-json\/wp\/v2\/pages\/9691\/revisions\/9694"}],"up":[{"embeddable":true,"href":"https:\/\/ambsanjose.esteri.it\/it\/wp-json\/wp\/v2\/pages\/873"}],"wp:attachment":[{"href":"https:\/\/ambsanjose.esteri.it\/it\/wp-json\/wp\/v2\/media?parent=9691"}],"curies":[{"name":"wp","href":"https:\/\/api.w.org\/{rel}","templated":true}]}}