{"id":998,"date":"2023-11-07T08:36:41","date_gmt":"2023-11-07T14:36:41","guid":{"rendered":"https:\/\/ambsanjose.esteri.it\/?page_id=998"},"modified":"2023-11-07T08:36:41","modified_gmt":"2023-11-07T14:36:41","slug":"che-cose-il-com-it-es","status":"publish","type":"page","link":"https:\/\/ambsanjose.esteri.it\/it\/servizi-consolari-e-visti\/servizi-per-il-cittadino-italiano\/che-cose-il-com-it-es\/","title":{"rendered":"Che cos\u2019\u00e8 il Com.It.Es.?"},"content":{"rendered":"<p>Il Com.It.Es. \u00e8 un organismo di base consultivo e di rappresentanza nei confronti dell&#8217;autorit\u00e0 consolare dei cittadini residenti all\u2019estero. In ogni circoscrizione consolare che abbia 3000 o pi\u00f9 cittadini italiani residenti \u00e8 istituito un Com.It.Es.<\/p>\n","protected":false},"excerpt":{"rendered":"Il Com.It.Es. \u00e8 un organismo di base consultivo e di rappresentanza nei confronti dell&#8217;autorit\u00e0 consolare dei cittadini residenti all\u2019estero. In ogni circoscrizione consolare che abbia 3000 o pi\u00f9 cittadini italiani residenti \u00e8 istituito un Com.It.Es.","protected":false},"author":5,"featured_media":0,"parent":47,"menu_order":60,"comment_status":"closed","ping_status":"closed","template":"","meta":{"footnotes":""},"class_list":["post-998","page","type-page","status-publish","hentry"],"_links":{"self":[{"href":"https:\/\/ambsanjose.esteri.it\/it\/wp-json\/wp\/v2\/pages\/998","targetHints":{"allow":["GET"]}}],"collection":[{"href":"https:\/\/ambsanjose.esteri.it\/it\/wp-json\/wp\/v2\/pages"}],"about":[{"href":"https:\/\/ambsanjose.esteri.it\/it\/wp-json\/wp\/v2\/types\/page"}],"author":[{"embeddable":true,"href":"https:\/\/ambsanjose.esteri.it\/it\/wp-json\/wp\/v2\/users\/5"}],"replies":[{"embeddable":true,"href":"https:\/\/ambsanjose.esteri.it\/it\/wp-json\/wp\/v2\/comments?post=998"}],"version-history":[{"count":1,"href":"https:\/\/ambsanjose.esteri.it\/it\/wp-json\/wp\/v2\/pages\/998\/revisions"}],"predecessor-version":[{"id":999,"href":"https:\/\/ambsanjose.esteri.it\/it\/wp-json\/wp\/v2\/pages\/998\/revisions\/999"}],"up":[{"embeddable":true,"href":"https:\/\/ambsanjose.esteri.it\/it\/wp-json\/wp\/v2\/pages\/47"}],"wp:attachment":[{"href":"https:\/\/ambsanjose.esteri.it\/it\/wp-json\/wp\/v2\/media?parent=998"}],"curies":[{"name":"wp","href":"https:\/\/api.w.org\/{rel}","templated":true}]}}